{"id":10067,"date":"2019-01-07T09:01:52","date_gmt":"2019-01-07T02:01:52","guid":{"rendered":"https:\/\/nhuminhplaza.seadev.cc\/\/%ec%b6%94%ec%b2%9c-%ed%94%84%eb%a1%9c%eb%aa%a8%ec%85%98\/"},"modified":"2020-07-08T10:13:51","modified_gmt":"2020-07-08T03:13:51","slug":"offers","status":"publish","type":"page","link":"https:\/\/nhuminhplazahotel.com\/ko\/offers\/","title":{"rendered":"\ucd94\ucc9c \ud504\ub85c\ubaa8\uc158"},"content":{"rendered":"    <div class=\"section-inner section-inner-offers-page\">\n        <p class=\"sub_title_offers_page\"><\/p>\n                        <div class=\"content-offers_page col-md-12\">\n                    <div class=\"image col-sm-6\"><img src=\"https:\/\/nhuminhplazahotel.com\/wp-content\/uploads\/2022\/12\/5Y5A0780-2-779x452.jpg\" alt=\"5Y5A0780\"\/><\/div>\n                    <div class=\"body col-sm-6\">\n                        <div class=\"sub-title\">T\u1ea5t Ni\u00ean 2022: S\u00f4i \u0110\u1ed9ng - G\u1eafn K\u1ebft - Ho\u00e0nh Tr\u00e1ng <\/div>\n                        <div class=\"title\"><h2>\u0110\u1eb7t Ti\u1ec7c T\u1ea5t Ni\u00ean C\u00f4ng Ty t\u1ea1i Nhu Minh Plaza \u0110\u00e0 N\u1eb5ng<\/h2><\/div>\n                        <div class=\"sub-content\">Menu t\u1eeb 250.000 VND \/ Kh\u00e1ch - Mi\u1ec5n ph\u00ed c\u0103ng treo backdrop - Mi\u1ec5n ph\u00ed champagne khai ti\u1ec7c<\/div>\n                                               <div class=\"btn-more\"><a href=\"https:\/\/nhuminhplazahotel.com\/ko\/offers\/dat-tiec-tat-nien-cong-ty-tron-goi-tai-nhu-minh-plaza-da-nang\/\">\uc790\uc138\ud788 \ubcf4\uae30<\/a><\/div>\n                    <\/div>\n                <\/div>\n                            <div class=\"content-offers_page col-md-12\">\n                    <div class=\"image col-sm-6\"><img src=\"https:\/\/nhuminhplazahotel.com\/wp-content\/uploads\/2022\/04\/275629267_4772244696158272_4195521505700140369_n-779x452.jpg\" alt=\"275629267_4772244696158272_4195521505700140369_n\"\/><\/div>\n                    <div class=\"body col-sm-6\">\n                        <div class=\"sub-title\"><\/div>\n                        <div class=\"title\"><h2>Promotion Combo Free 2 Tickets to Ky Uc Hoi An Show<\/h2><\/div>\n                        <div class=\"sub-content\"><\/div>\n                                               <div class=\"btn-more\"><a href=\"https:\/\/nhuminhplazahotel.com\/ko\/offers\/promotion-combo-free-2-tickets-to-ky-uc-hoi-an-show\/\">\uc790\uc138\ud788 \ubcf4\uae30<\/a><\/div>\n                    <\/div>\n                <\/div>\n                            <div class=\"content-offers_page col-md-12\">\n                    <div class=\"image col-sm-6\"><img src=\"https:\/\/nhuminhplazahotel.com\/wp-content\/uploads\/2022\/04\/37900887_2116995288581895_4081521422982184960_n-779x452.jpg\" alt=\"37900887_2116995288581895_4081521422982184960_n\"\/><\/div>\n                    <div class=\"body col-sm-6\">\n                        <div class=\"sub-title\"><\/div>\n                        <div class=\"title\"><h2>Promotion Combo Free 2 Tickets to Ba Na Hill<\/h2><\/div>\n                        <div class=\"sub-content\"><\/div>\n                                               <div class=\"btn-more\"><a href=\"https:\/\/nhuminhplazahotel.com\/ko\/offers\/17203\/\">\uc790\uc138\ud788 \ubcf4\uae30<\/a><\/div>\n                    <\/div>\n                <\/div>\n                    <div class=\"pagination\">        <span aria-current=\"page\" class=\"page-numbers current\">1<\/span>\n<a class=\"page-numbers\" href=\"\/ko\/wp-json\/wp\/v2\/pages\/10067\/?ob-paged=2\">2<\/a>\n<a class=\"page-numbers\" href=\"\/ko\/wp-json\/wp\/v2\/pages\/10067\/?ob-paged=3\">3<\/a>\n<a class=\"page-numbers\" href=\"\/ko\/wp-json\/wp\/v2\/pages\/10067\/?ob-paged=4\">4<\/a><\/div>\n            <\/div>\n    \n","protected":false},"excerpt":{"rendered":"","protected":false},"author":1,"featured_media":0,"parent":0,"menu_order":0,"comment_status":"closed","ping_status":"closed","template":"","meta":[],"_links":{"self":[{"href":"https:\/\/nhuminhplazahotel.com\/ko\/wp-json\/wp\/v2\/pages\/10067"}],"collection":[{"href":"https:\/\/nhuminhplazahotel.com\/ko\/wp-json\/wp\/v2\/pages"}],"about":[{"href":"https:\/\/nhuminhplazahotel.com\/ko\/wp-json\/wp\/v2\/types\/page"}],"author":[{"embeddable":true,"href":"https:\/\/nhuminhplazahotel.com\/ko\/wp-json\/wp\/v2\/users\/1"}],"replies":[{"embeddable":true,"href":"https:\/\/nhuminhplazahotel.com\/ko\/wp-json\/wp\/v2\/comments?post=10067"}],"version-history":[{"count":0,"href":"https:\/\/nhuminhplazahotel.com\/ko\/wp-json\/wp\/v2\/pages\/10067\/revisions"}],"wp:attachment":[{"href":"https:\/\/nhuminhplazahotel.com\/ko\/wp-json\/wp\/v2\/media?parent=10067"}],"curies":[{"name":"wp","href":"https:\/\/api.w.org\/{rel}","templated":true}]}}